{"id":3471,"date":"2026-01-03T08:25:04","date_gmt":"2026-01-03T08:25:04","guid":{"rendered":"https:\/\/withoutborderss.com\/?page_id=3471"},"modified":"2026-04-28T16:02:23","modified_gmt":"2026-04-28T16:02:23","slug":"shop-withoutborders","status":"publish","type":"page","link":"https:\/\/withoutborderss.com\/es\/shop-withoutborders\/","title":{"rendered":"Compra sin fronteras"},"content":{"rendered":"<div data-elementor-type=\"wp-page\" data-elementor-id=\"3471\" class=\"elementor elementor-3471\" data-elementor-post-type=\"page\">\n\t\t\t\t<div class=\"elementor-element elementor-element-7181687a e-con-full e-flex e-con e-parent\" data-id=\"7181687a\" data-element_type=\"container\" data-e-type=\"container\" data-settings=\"{&quot;background_background&quot;:&quot;classic&quot;}\">\n\t\t\t\t<div class=\"elementor-element elementor-element-5a88bc8b elementor-widget elementor-widget-heading\" data-id=\"5a88bc8b\" data-element_type=\"widget\" data-e-type=\"widget\" data-widget_type=\"heading.default\">\n\t\t\t\t\t<h1 class=\"elementor-heading-title elementor-size-default\">VIAJA DE FORMA M\u00c1S INTELIGENTE, EXPLORA M\u00c1S PROFUNDAMENTE.<\/h1>\t\t\t\t<\/div>\n\t\t\t\t<div class=\"elementor-element elementor-element-3f12f89c elementor-widget__width-initial elementor-widget-mobile__width-inherit elementor-widget elementor-widget-text-editor\" data-id=\"3f12f89c\" data-element_type=\"widget\" data-e-type=\"widget\" data-widget_type=\"text-editor.default\">\n\t\t\t\t\t\t\t\t\t<p>Gu\u00edas digitales pr\u00e1cticas, art\u00edculos esenciales para un estilo de vida viajero y una colecci\u00f3n de souvenirs exclusivos dise\u00f1ados para quienes viajan sin fronteras.<\/p>\t\t\t\t\t\t\t\t<\/div>\n\t\t\t\t<\/div>\n\t\t<div class=\"elementor-element elementor-element-ed986da e-flex e-con-boxed e-con e-parent\" data-id=\"ed986da\" data-element_type=\"container\" data-e-type=\"container\">\n\t\t\t\t\t<div class=\"e-con-inner\">\n\t\t\t\t<div class=\"elementor-element elementor-element-a41baf2 elementor-widget__width-initial elementor-headline--style-highlight elementor-widget elementor-widget-animated-headline\" data-id=\"a41baf2\" data-element_type=\"widget\" data-e-type=\"widget\" data-settings=\"{&quot;marker&quot;:&quot;double_underline&quot;,&quot;highlighted_text&quot;:&quot;COLLECTIONS&quot;,&quot;headline_style&quot;:&quot;highlight&quot;,&quot;loop&quot;:&quot;yes&quot;,&quot;highlight_animation_duration&quot;:1200,&quot;highlight_iteration_delay&quot;:8000}\" data-widget_type=\"animated-headline.default\">\n\t\t\t\t\t\t\t<h2 class=\"elementor-headline\">\n\t\t\t\t\t<span class=\"elementor-headline-plain-text elementor-headline-text-wrapper\">COMPRA EL<\/span>\n\t\t\t\t<span class=\"elementor-headline-dynamic-wrapper elementor-headline-text-wrapper\">\n\t\t\t\t\t<span class=\"elementor-headline-dynamic-text elementor-headline-text-active\">COLECCIONES<\/span>\n\t\t\t\t<\/span>\n\t\t\t\t<\/h2>\n\t\t\t\t\t\t<\/div>\n\t\t\t\t\t<\/div>\n\t\t\t\t<\/div>\n\t\t<div class=\"elementor-element elementor-element-15ebd71 e-con-full e-flex e-con e-parent\" data-id=\"15ebd71\" data-element_type=\"container\" data-e-type=\"container\">\n\t\t<div class=\"elementor-element elementor-element-163b7d0a e-con-full e-flex e-con e-child\" data-id=\"163b7d0a\" data-element_type=\"container\" data-e-type=\"container\">\n\t\t<div class=\"elementor-element elementor-element-326314b0 e-con-full e-flex e-con e-child\" data-id=\"326314b0\" data-element_type=\"container\" data-e-type=\"container\">\n\t\t\t\t<div class=\"elementor-element elementor-element-5e1affe0 elementor-widget elementor-widget-image\" data-id=\"5e1affe0\" data-element_type=\"widget\" data-e-type=\"widget\" data-widget_type=\"image.default\">\n\t\t\t\t\t\t\t\t\t\t\t\t\t\t\t<img fetchpriority=\"high\" decoding=\"async\" width=\"800\" height=\"800\" src=\"https:\/\/withoutborderss.com\/wp-content\/uploads\/2026\/01\/Travel-Guide-categories.png\" class=\"attachment-large size-large wp-image-3473\" alt=\"\" srcset=\"https:\/\/withoutborderss.com\/wp-content\/uploads\/2026\/01\/Travel-Guide-categories.png 1000w, https:\/\/withoutborderss.com\/wp-content\/uploads\/2026\/01\/Travel-Guide-categories-300x300.png 300w, https:\/\/withoutborderss.com\/wp-content\/uploads\/2026\/01\/Travel-Guide-categories-100x100.png 100w, https:\/\/withoutborderss.com\/wp-content\/uploads\/2026\/01\/Travel-Guide-categories-600x600.png 600w, https:\/\/withoutborderss.com\/wp-content\/uploads\/2026\/01\/Travel-Guide-categories-150x150.png 150w, https:\/\/withoutborderss.com\/wp-content\/uploads\/2026\/01\/Travel-Guide-categories-768x768.png 768w\" sizes=\"(max-width: 800px) 100vw, 800px\" \/>\t\t\t\t\t\t\t\t\t\t\t\t\t\t\t<\/div>\n\t\t\t\t<div class=\"elementor-element elementor-element-77a07018 elementor-invisible elementor-widget elementor-widget-image-box\" data-id=\"77a07018\" data-element_type=\"widget\" data-e-type=\"widget\" data-settings=\"{&quot;_animation&quot;:&quot;fadeInDown&quot;}\" data-widget_type=\"image-box.default\">\n\t\t\t\t\t<div class=\"elementor-image-box-wrapper\"><div class=\"elementor-image-box-content\"><h4 class=\"elementor-image-box-title\">CONSIGUE LAS GU\u00cdAS<\/h4><p class=\"elementor-image-box-description\">Optimiza tu tiempo y tu presupuesto. Itinerarios con una log\u00edstica detallada, elaborados a partir de la experiencia real sobre el terreno, para ayudarte a evitar las multitudes y descubrir los secretos locales.<\/p><\/div><\/div>\t\t\t\t<\/div>\n\t\t\t\t<\/div>\n\t\t<div class=\"elementor-element elementor-element-5756198d e-con-full e-flex e-con e-child\" data-id=\"5756198d\" data-element_type=\"container\" data-e-type=\"container\">\n\t\t\t\t<div class=\"elementor-element elementor-element-18d4e6a6 elementor-widget elementor-widget-image\" data-id=\"18d4e6a6\" data-element_type=\"widget\" data-e-type=\"widget\" data-widget_type=\"image.default\">\n\t\t\t\t\t\t\t\t\t\t\t\t\t\t\t<img decoding=\"async\" width=\"800\" height=\"800\" src=\"https:\/\/withoutborderss.com\/wp-content\/uploads\/2026\/04\/shop-withoutborderss-1024x1024.jpeg\" class=\"attachment-large size-large wp-image-5474\" alt=\"shop\" srcset=\"https:\/\/withoutborderss.com\/wp-content\/uploads\/2026\/04\/shop-withoutborderss-1024x1024.jpeg 1024w, https:\/\/withoutborderss.com\/wp-content\/uploads\/2026\/04\/shop-withoutborderss-300x300.jpeg 300w, https:\/\/withoutborderss.com\/wp-content\/uploads\/2026\/04\/shop-withoutborderss-150x150.jpeg 150w, https:\/\/withoutborderss.com\/wp-content\/uploads\/2026\/04\/shop-withoutborderss-768x768.jpeg 768w, https:\/\/withoutborderss.com\/wp-content\/uploads\/2026\/04\/shop-withoutborderss-12x12.jpeg 12w, https:\/\/withoutborderss.com\/wp-content\/uploads\/2026\/04\/shop-withoutborderss-600x600.jpeg 600w, https:\/\/withoutborderss.com\/wp-content\/uploads\/2026\/04\/shop-withoutborderss-100x100.jpeg 100w, https:\/\/withoutborderss.com\/wp-content\/uploads\/2026\/04\/shop-withoutborderss.jpeg 1200w\" sizes=\"(max-width: 800px) 100vw, 800px\" \/>\t\t\t\t\t\t\t\t\t\t\t\t\t\t\t<\/div>\n\t\t\t\t<div class=\"elementor-element elementor-element-72646a73 elementor-invisible elementor-widget elementor-widget-image-box\" data-id=\"72646a73\" data-element_type=\"widget\" data-e-type=\"widget\" data-settings=\"{&quot;_animation&quot;:&quot;fadeInDown&quot;}\" data-widget_type=\"image-box.default\">\n\t\t\t\t\t<div class=\"elementor-image-box-wrapper\"><div class=\"elementor-image-box-content\"><h4 class=\"elementor-image-box-title\">EXPLORA LOS ACCESORIOS<\/h4><p class=\"elementor-image-box-description\">Herramientas para el viaje. Una selecci\u00f3n cuidadosamente elegida de accesorios y equipo f\u00edsico dise\u00f1ados para simplificar tu vida mientras exploras lo desconocido.<\/p><\/div><\/div>\t\t\t\t<\/div>\n\t\t\t\t<\/div>\n\t\t<div class=\"elementor-element elementor-element-16134709 e-con-full e-flex e-con e-child\" data-id=\"16134709\" data-element_type=\"container\" data-e-type=\"container\">\n\t\t\t\t<div class=\"elementor-element elementor-element-69a70ba0 elementor-widget elementor-widget-image\" data-id=\"69a70ba0\" data-element_type=\"widget\" data-e-type=\"widget\" data-widget_type=\"image.default\">\n\t\t\t\t\t\t\t\t\t\t\t\t\t\t\t<img decoding=\"async\" width=\"800\" height=\"800\" src=\"https:\/\/withoutborderss.com\/wp-content\/uploads\/2026\/01\/designed-withoutborders-1024x1024.png\" class=\"attachment-large size-large wp-image-3475\" alt=\"\" srcset=\"https:\/\/withoutborderss.com\/wp-content\/uploads\/2026\/01\/designed-withoutborders-1024x1024.png 1024w, https:\/\/withoutborderss.com\/wp-content\/uploads\/2026\/01\/designed-withoutborders-300x300.png 300w, https:\/\/withoutborderss.com\/wp-content\/uploads\/2026\/01\/designed-withoutborders-100x100.png 100w, https:\/\/withoutborderss.com\/wp-content\/uploads\/2026\/01\/designed-withoutborders-600x600.png 600w, https:\/\/withoutborderss.com\/wp-content\/uploads\/2026\/01\/designed-withoutborders-150x150.png 150w, https:\/\/withoutborderss.com\/wp-content\/uploads\/2026\/01\/designed-withoutborders-768x768.png 768w, https:\/\/withoutborderss.com\/wp-content\/uploads\/2026\/01\/designed-withoutborders.png 1080w\" sizes=\"(max-width: 800px) 100vw, 800px\" \/>\t\t\t\t\t\t\t\t\t\t\t\t\t\t\t<\/div>\n\t\t\t\t<div class=\"elementor-element elementor-element-3331321d elementor-invisible elementor-widget elementor-widget-image-box\" data-id=\"3331321d\" data-element_type=\"widget\" data-e-type=\"widget\" data-settings=\"{&quot;_animation&quot;:&quot;fadeInDown&quot;}\" data-widget_type=\"image-box.default\">\n\t\t\t\t\t<div class=\"elementor-image-box-wrapper\"><div class=\"elementor-image-box-content\"><h4 class=\"elementor-image-box-title\">RECUERDOS DE SIN FRONTERAS<\/h4><p class=\"elementor-image-box-description\">Lleva puesto el esp\u00edritu aventurero. Prendas exclusivas de alta calidad con dise\u00f1os minimalistas inspirados en nuestros senderos favoritos de todo el mundo.<\/p><\/div><\/div>\t\t\t\t<\/div>\n\t\t\t\t<\/div>\n\t\t\t\t<\/div>\n\t\t\t\t<\/div>\n\t\t<div class=\"elementor-element elementor-element-6525e65 e-flex e-con-boxed e-con e-parent\" data-id=\"6525e65\" data-element_type=\"container\" data-e-type=\"container\">\n\t\t\t\t\t<div class=\"e-con-inner\">\n\t\t\t\t\t<\/div>\n\t\t\t\t<\/div>\n\t\t<div class=\"elementor-element elementor-element-70ab901 e-flex e-con-boxed e-con e-parent\" data-id=\"70ab901\" data-element_type=\"container\" data-e-type=\"container\">\n\t\t\t\t\t<div class=\"e-con-inner\">\n\t\t\t\t<div class=\"elementor-element elementor-element-a1cdcaf elementor-widget__width-initial elementor-headline--style-highlight elementor-widget elementor-widget-animated-headline\" data-id=\"a1cdcaf\" data-element_type=\"widget\" data-e-type=\"widget\" data-settings=\"{&quot;marker&quot;:&quot;double_underline&quot;,&quot;highlighted_text&quot;:&quot;ARRIVALS&quot;,&quot;headline_style&quot;:&quot;highlight&quot;,&quot;loop&quot;:&quot;yes&quot;,&quot;highlight_animation_duration&quot;:1200,&quot;highlight_iteration_delay&quot;:8000}\" data-widget_type=\"animated-headline.default\">\n\t\t\t\t\t\t\t<h2 class=\"elementor-headline\">\n\t\t\t\t\t<span class=\"elementor-headline-plain-text elementor-headline-text-wrapper\">NUEVO<\/span>\n\t\t\t\t<span class=\"elementor-headline-dynamic-wrapper elementor-headline-text-wrapper\">\n\t\t\t\t\t<span class=\"elementor-headline-dynamic-text elementor-headline-text-active\">LLEGADAS<\/span>\n\t\t\t\t<\/span>\n\t\t\t\t<\/h2>\n\t\t\t\t\t\t<\/div>\n\t\t\t\t\t<\/div>\n\t\t\t\t<\/div>\n\t\t<div class=\"elementor-element elementor-element-74d260c e-flex e-con-boxed e-con e-parent\" data-id=\"74d260c\" data-element_type=\"container\" data-e-type=\"container\">\n\t\t\t\t\t<div class=\"e-con-inner\">\n\t\t\t\t<div class=\"elementor-element elementor-element-f9e337e elementor-widget elementor-widget-text-editor\" data-id=\"f9e337e\" data-element_type=\"widget\" data-e-type=\"widget\" data-widget_type=\"text-editor.default\">\n\t\t\t\t\t\t\t\t\t<p>Nuestras \u00faltimas gu\u00edas digitales y recuerdos de viaje, reci\u00e9n a\u00f1adidos a la colecci\u00f3n.<\/p>\t\t\t\t\t\t\t\t<\/div>\n\t\t\t\t<div class=\"elementor-element elementor-element-2a42f0a elementor-grid-4 elementor-grid-tablet-3 elementor-grid-mobile-2 elementor-products-grid elementor-wc-products elementor-widget elementor-widget-woocommerce-products\" data-id=\"2a42f0a\" data-element_type=\"widget\" data-e-type=\"widget\" data-widget_type=\"woocommerce-products.default\">\n\t\t\t\t<div class=\"elementor-widget-container\">\n\t\t\t\t\t<div class=\"woocommerce columns-4\"><ul class=\"products elementor-grid columns-4\">\n<li class=\"product type-product post-5457 status-publish first instock product_cat-digital-guides has-post-thumbnail downloadable virtual purchasable product-type-simple\">\n\t<a href=\"https:\/\/withoutborderss.com\/es\/producto\/3-days-in-banff-a-practical-step-by-step-itinerary-budget-guide\/\" class=\"woocommerce-LoopProduct-link woocommerce-loop-product__link\"><img loading=\"lazy\" decoding=\"async\" width=\"300\" height=\"300\" src=\"https:\/\/withoutborderss.com\/wp-content\/uploads\/2026\/04\/3-Days-in-Banff-300x300.png\" class=\"attachment-woocommerce_thumbnail size-woocommerce_thumbnail\" alt=\"Master Banff in 3 days\" srcset=\"https:\/\/withoutborderss.com\/wp-content\/uploads\/2026\/04\/3-Days-in-Banff-300x300.png 300w, https:\/\/withoutborderss.com\/wp-content\/uploads\/2026\/04\/3-Days-in-Banff-150x150.png 150w, https:\/\/withoutborderss.com\/wp-content\/uploads\/2026\/04\/3-Days-in-Banff-100x100.png 100w\" sizes=\"(max-width: 300px) 100vw, 300px\" \/><h2 class=\"woocommerce-loop-product__title\">3 d\u00edas en Banff: Itinerario pr\u00e1ctico paso a paso y gu\u00eda de presupuesto<\/h2>\n\t<span class=\"price\"><span class=\"woocommerce-Price-amount amount\"><bdi><span class=\"woocommerce-Price-currencySymbol\">&#36;<\/span>12.99<\/bdi><\/span><\/span>\n<\/a><a href=\"\/es\/wp-json\/wp\/v2\/pages\/3471?add-to-cart=5457\" aria-describedby=\"woocommerce_loop_add_to_cart_link_describedby_5457\" data-quantity=\"1\" class=\"button product_type_simple add_to_cart_button ajax_add_to_cart\" data-product_id=\"5457\" data-product_sku=\"\" aria-label=\"A\u00f1adir al carrito: \u201c3 Days in Banff: A Practical Step-by-Step Itinerary &amp; Budget Guide\u201d\" rel=\"nofollow\" data-success_message=\"\u00ab3 Days in Banff: A Practical Step-by-Step Itinerary &amp; Budget Guide\u00bb se ha a\u00f1adido a tu carrito\" role=\"button\" data-no-translation=\"\" data-trp-gettext=\"\" data-no-translation-aria-label=\"\" data-no-translation-data-success_message=\"\">A\u00f1adir al carrito<\/a>\t<span id=\"woocommerce_loop_add_to_cart_link_describedby_5457\" class=\"screen-reader-text\">\n\t\t\t<\/span>\n<\/li>\n<li class=\"product type-product post-3461 status-publish instock product_cat-digital-guides has-post-thumbnail downloadable virtual purchasable product-type-simple\">\n\t<a href=\"https:\/\/withoutborderss.com\/es\/producto\/salar-de-uyuni-travel-guide-tours-hotels\/\" class=\"woocommerce-LoopProduct-link woocommerce-loop-product__link\"><img loading=\"lazy\" decoding=\"async\" width=\"300\" height=\"300\" src=\"https:\/\/withoutborderss.com\/wp-content\/uploads\/2026\/01\/Salar-de-uyuni-1-300x300.png\" class=\"attachment-woocommerce_thumbnail size-woocommerce_thumbnail\" alt=\"Salar de Uyuni Travel Guide: Tours, Hotels\" srcset=\"https:\/\/withoutborderss.com\/wp-content\/uploads\/2026\/01\/Salar-de-uyuni-1-300x300.png 300w, https:\/\/withoutborderss.com\/wp-content\/uploads\/2026\/01\/Salar-de-uyuni-1-100x100.png 100w, https:\/\/withoutborderss.com\/wp-content\/uploads\/2026\/01\/Salar-de-uyuni-1-600x600.png 600w, https:\/\/withoutborderss.com\/wp-content\/uploads\/2026\/01\/Salar-de-uyuni-1-1024x1024.png 1024w, https:\/\/withoutborderss.com\/wp-content\/uploads\/2026\/01\/Salar-de-uyuni-1-150x150.png 150w, https:\/\/withoutborderss.com\/wp-content\/uploads\/2026\/01\/Salar-de-uyuni-1-768x768.png 768w, https:\/\/withoutborderss.com\/wp-content\/uploads\/2026\/01\/Salar-de-uyuni-1.png 1080w\" sizes=\"(max-width: 300px) 100vw, 300px\" \/><h2 class=\"woocommerce-loop-product__title\">Gu\u00eda de viaje del Salar de Uyuni: Tours, Hoteles<\/h2>\n\t<span class=\"price\"><span class=\"woocommerce-Price-amount amount\"><bdi><span class=\"woocommerce-Price-currencySymbol\">&#36;<\/span>7.00<\/bdi><\/span><\/span>\n<\/a><a href=\"\/es\/wp-json\/wp\/v2\/pages\/3471?add-to-cart=3461\" aria-describedby=\"woocommerce_loop_add_to_cart_link_describedby_3461\" data-quantity=\"1\" class=\"button product_type_simple add_to_cart_button ajax_add_to_cart\" data-product_id=\"3461\" data-product_sku=\"\" aria-label=\"A\u00f1adir al carrito: \u201cSalar de Uyuni Travel Guide: Tours, Hotels\u201d\" rel=\"nofollow\" data-success_message=\"\u00abSalar de Uyuni Travel Guide: Tours, Hotels\u00bb se ha a\u00f1adido a tu carrito\" role=\"button\" data-no-translation=\"\" data-trp-gettext=\"\" data-no-translation-aria-label=\"\" data-no-translation-data-success_message=\"\">A\u00f1adir al carrito<\/a>\t<span id=\"woocommerce_loop_add_to_cart_link_describedby_3461\" class=\"screen-reader-text\">\n\t\t\t<\/span>\n<\/li>\n<\/ul>\n<\/div>\t\t\t\t<\/div>\n\t\t\t\t<\/div>\n\t\t\t\t\t<\/div>\n\t\t\t\t<\/div>\n\t\t\t\t<\/div>","protected":false},"excerpt":{"rendered":"<p>TRAVEL SMARTER, EXPLORE DEEPER. Actionable digital guides, essential travel lifestyle gearand collection of exclusive souvenirs designed for withoutborders SHOP THE COLLECTIONS GET THE GUIDES Maximize your time and budget. Logistics-heavy itineraries built from real field experience to help you skip the crowds and discover local secrets. EXPLORE ACCESSORIES Tools for the road. A hand-picked selection [&hellip;]<\/p>\n","protected":false},"author":1,"featured_media":0,"parent":0,"menu_order":0,"comment_status":"closed","ping_status":"closed","template":"","meta":{"_angie_page":false,"footnotes":""},"categories":[],"class_list":["post-3471","page","type-page","status-publish","hentry"],"_links":{"self":[{"href":"https:\/\/withoutborderss.com\/es\/wp-json\/wp\/v2\/pages\/3471","targetHints":{"allow":["GET"]}}],"collection":[{"href":"https:\/\/withoutborderss.com\/es\/wp-json\/wp\/v2\/pages"}],"about":[{"href":"https:\/\/withoutborderss.com\/es\/wp-json\/wp\/v2\/types\/page"}],"author":[{"embeddable":true,"href":"https:\/\/withoutborderss.com\/es\/wp-json\/wp\/v2\/users\/1"}],"replies":[{"embeddable":true,"href":"https:\/\/withoutborderss.com\/es\/wp-json\/wp\/v2\/comments?post=3471"}],"version-history":[{"count":51,"href":"https:\/\/withoutborderss.com\/es\/wp-json\/wp\/v2\/pages\/3471\/revisions"}],"predecessor-version":[{"id":5550,"href":"https:\/\/withoutborderss.com\/es\/wp-json\/wp\/v2\/pages\/3471\/revisions\/5550"}],"wp:attachment":[{"href":"https:\/\/withoutborderss.com\/es\/wp-json\/wp\/v2\/media?parent=3471"}],"wp:term":[{"taxonomy":"category","embeddable":true,"href":"https:\/\/withoutborderss.com\/es\/wp-json\/wp\/v2\/categories?post=3471"}],"curies":[{"name":"wp","href":"https:\/\/api.w.org\/{rel}","templated":true}]}}