{"id":3755,"date":"2026-02-10T16:02:00","date_gmt":"2026-02-10T16:02:00","guid":{"rendered":"https:\/\/withoutborderss.com\/?page_id=3755"},"modified":"2026-04-27T16:19:14","modified_gmt":"2026-04-27T16:19:14","slug":"privacy-policy","status":"publish","type":"page","link":"https:\/\/withoutborderss.com\/es\/privacy-policy\/","title":{"rendered":"pol\u00edtica de privacidad"},"content":{"rendered":"<div data-elementor-type=\"wp-page\" data-elementor-id=\"3755\" class=\"elementor elementor-3755\" data-elementor-post-type=\"page\">\n\t\t\t\t<div class=\"elementor-element elementor-element-563ee77 e-flex e-con-boxed e-con e-parent\" data-id=\"563ee77\" data-element_type=\"container\" data-e-type=\"container\">\n\t\t\t\t\t<div class=\"e-con-inner\">\n\t\t\t\t<div class=\"elementor-element elementor-element-e3456e1 elementor-widget elementor-widget-text-editor\" data-id=\"e3456e1\" data-element_type=\"widget\" data-e-type=\"widget\" data-widget_type=\"text-editor.default\">\n\t\t\t\t\t\t\t\t\t<h1 data-path-to-node=\"3\">pol\u00edtica de privacidad<\/h1><p data-path-to-node=\"4\"><b data-path-to-node=\"4\" data-index-in-node=\"0\">\u00daltima actualizaci\u00f3n:<\/b>\u00a010 de febrero de 2026<\/p><p data-path-to-node=\"5\">En <b data-path-to-node=\"5\" data-index-in-node=\"3\">Sin Fronteras<\/b>, accesible desde <a href=\"https:\/\/withoutborderss.com\/es\/\" target=\"_blank\" rel=\"noopener\" data-hveid=\"0\" data-ved=\"0CAAQ_4QMahcKEwjk88mQo8-SAxUAAAAAHQAAAAAQSA\">https:\/\/withoutborderss.com\/<\/a>, Una de nuestras principales prioridades es la privacidad de nuestros visitantes. Este documento de Pol\u00edtica de Privacidad describe los tipos de informaci\u00f3n que WithoutBorders recopila y registra, as\u00ed como la forma en que la utilizamos.<\/p><h3 data-path-to-node=\"6\">1. Informaci\u00f3n que recopilamos<\/h3><p data-path-to-node=\"7\">Si se pone en contacto con nosotros directamente, es posible que recibamos informaci\u00f3n adicional sobre usted, como su nombre, direcci\u00f3n de correo electr\u00f3nico, n\u00famero de tel\u00e9fono, el contenido del mensaje y\/o los archivos adjuntos que nos env\u00ede.<\/p><p data-path-to-node=\"8\">Cuando utilizas nuestro <b data-path-to-node=\"8\" data-index-in-node=\"17\">Tienda (WooCommerce)<\/b>, recopilamos:<\/p><ul data-path-to-node=\"9\"><li><p data-path-to-node=\"9,0,0\"><b data-path-to-node=\"9,0,0\" data-index-in-node=\"0\">Informaci\u00f3n del pedido:<\/b> Nombre, direcci\u00f3n de facturaci\u00f3n, direcci\u00f3n de env\u00edo, direcci\u00f3n de correo electr\u00f3nico y n\u00famero de tel\u00e9fono.<\/p><\/li><li><p data-path-to-node=\"9,1,0\"><b data-path-to-node=\"9,1,0\" data-index-in-node=\"0\">Datos de pago:<\/b> El procesamiento de pagos lo realizan proveedores externos (como PayPal o Stripe). No almacenamos los datos de su tarjeta de cr\u00e9dito en nuestros servidores.<\/p><\/li><\/ul><h3 data-path-to-node=\"10\">2. C\u00f3mo utilizamos su informaci\u00f3n<\/h3><p data-path-to-node=\"11\">Utilizamos la informaci\u00f3n que recopilamos de diversas maneras, entre ellas para:<\/p><ul data-path-to-node=\"12\"><li><p data-path-to-node=\"12,0,0\">Proporcionar, operar y mantener nuestro sitio web.<\/p><\/li><li><p data-path-to-node=\"12,1,0\">Mejorar, personalizar y ampliar nuestro sitio web.<\/p><\/li><li><p data-path-to-node=\"12,2,0\">Comprender y analizar c\u00f3mo utiliza usted nuestro sitio web.<\/p><\/li><li><p data-path-to-node=\"12,3,0\">Realiza tus transacciones y gestiona tus pedidos en nuestra tienda.<\/p><\/li><li><p data-path-to-node=\"12,4,0\">Te enviaremos correos electr\u00f3nicos (si te has suscrito a nuestro bolet\u00edn informativo).<\/p><\/li><li><p data-path-to-node=\"12,5,0\">Detectar y prevenir el fraude.<\/p><\/li><\/ul><h3 data-path-to-node=\"13\">3. Archivos de registro<\/h3><p data-path-to-node=\"14\">WithoutBorders utiliza un procedimiento est\u00e1ndar de registro de actividad. Estos archivos registran las visitas a los sitios web. La informaci\u00f3n recopilada incluye direcciones IP, tipo de navegador, proveedor de servicios de internet (ISP), fecha y hora, p\u00e1ginas de origen\/destino y, posiblemente, el n\u00famero de clics. Esta informaci\u00f3n no est\u00e1 vinculada a ning\u00fan dato que permita identificar personalmente a los usuarios.<\/p><div>\u00a0<\/div><h3 data-path-to-node=\"15\">4. Cookies y balizas web<\/h3><p data-path-to-node=\"16\">Al igual que cualquier otro sitio web, WithoutBorders utiliza cookies. Estas cookies se utilizan para almacenar informaci\u00f3n, incluidas las preferencias de los visitantes y las p\u00e1ginas del sitio web que han visitado. Esta informaci\u00f3n se utiliza para optimizar la experiencia del usuario, personalizando el contenido de nuestra p\u00e1gina web seg\u00fan el tipo de navegador del visitante y otra informaci\u00f3n relevante.<\/p><p data-path-to-node=\"17\">Para nuestro <b data-path-to-node=\"17\" data-index-in-node=\"8\">Comercio<\/b>, Las cookies se utilizan para realizar un seguimiento del contenido del carrito mientras navega por nuestro sitio.<\/p><h3 data-path-to-node=\"18\">5. Pol\u00edticas de privacidad de terceros (afiliados)<\/h3><p data-path-to-node=\"19\">La Pol\u00edtica de Privacidad de WithoutBorders no se aplica a otros anunciantes ni sitios web. Le recomendamos consultar las pol\u00edticas de privacidad de estos servidores de terceros para obtener informaci\u00f3n m\u00e1s detallada.<\/p><p data-path-to-node=\"20\">En concreto, trabajamos con <b data-path-to-node=\"20\" data-index-in-node=\"27\">Pagos de viaje<\/b> y sus socios (como Trip.com, Aviasales, etc.). Al hacer clic en un enlace de afiliado, estos terceros pueden usar cookies para rastrear su reserva y garantizar que recibamos una comisi\u00f3n.<\/p><h3 data-path-to-node=\"21\">6. Derechos de protecci\u00f3n de datos seg\u00fan el RGPD<\/h3><p data-path-to-node=\"22\">Queremos asegurarnos de que usted est\u00e9 plenamente informado de todos sus derechos de protecci\u00f3n de datos. Todo usuario tiene derecho a lo siguiente:<\/p><ul data-path-to-node=\"23\"><li><p data-path-to-node=\"23,0,0\"><b data-path-to-node=\"23,0,0\" data-index-in-node=\"0\">El derecho de acceso<\/b> \u2013 Usted tiene derecho a solicitar copias de sus datos personales.<\/p><\/li><li><p data-path-to-node=\"23,1,0\"><b data-path-to-node=\"23,1,0\" data-index-in-node=\"0\">El derecho de rectificaci\u00f3n<\/b> \u2013 Usted tiene derecho a solicitar que corrijamos cualquier informaci\u00f3n que considere inexacta.<\/p><\/li><li><p data-path-to-node=\"23,2,0\"><b data-path-to-node=\"23,2,0\" data-index-in-node=\"0\">El derecho al olvido<\/b> \u2013 Usted tiene derecho a solicitar que eliminemos sus datos personales, bajo ciertas condiciones.<\/p><\/li><\/ul><h3 data-path-to-node=\"24\">7. Cont\u00e1ctanos<\/h3><p data-path-to-node=\"25\">Si tiene alguna pregunta adicional o necesita m\u00e1s informaci\u00f3n sobre nuestra Pol\u00edtica de Privacidad, no dude en ponerse en contacto con nosotros en:<\/p><p data-path-to-node=\"26\"><b data-path-to-node=\"26\" data-index-in-node=\"0\">Correo electr\u00f3nico:\u00a0\u00a0<\/b><span style=\"background-color: #f2f3f6; color: #1d1e20; font-family: 'DM Sans', Roboto, sans-serif; font-size: 14px;\">team@withoutborderss.com<\/span><\/p>\t\t\t\t\t\t\t\t<\/div>\n\t\t\t\t\t<\/div>\n\t\t\t\t<\/div>\n\t\t\t\t<\/div>","protected":false},"excerpt":{"rendered":"<p>Privacy Policy Last Updated:\u00a010 Feb, 2026 At WithoutBorders, accessible from https:\/\/withoutborderss.com\/, one of our main priorities is the privacy of our visitors. This Privacy Policy document contains types of information that is collected and recorded by WithoutBorders and how we use it. 1. Information We Collect If you contact us directly, we may receive additional [&hellip;]<\/p>\n","protected":false},"author":1,"featured_media":0,"parent":0,"menu_order":0,"comment_status":"closed","ping_status":"closed","template":"","meta":{"_angie_page":false,"footnotes":""},"categories":[],"class_list":["post-3755","page","type-page","status-publish","hentry"],"_links":{"self":[{"href":"https:\/\/withoutborderss.com\/es\/wp-json\/wp\/v2\/pages\/3755","targetHints":{"allow":["GET"]}}],"collection":[{"href":"https:\/\/withoutborderss.com\/es\/wp-json\/wp\/v2\/pages"}],"about":[{"href":"https:\/\/withoutborderss.com\/es\/wp-json\/wp\/v2\/types\/page"}],"author":[{"embeddable":true,"href":"https:\/\/withoutborderss.com\/es\/wp-json\/wp\/v2\/users\/1"}],"replies":[{"embeddable":true,"href":"https:\/\/withoutborderss.com\/es\/wp-json\/wp\/v2\/comments?post=3755"}],"version-history":[{"count":3,"href":"https:\/\/withoutborderss.com\/es\/wp-json\/wp\/v2\/pages\/3755\/revisions"}],"predecessor-version":[{"id":5453,"href":"https:\/\/withoutborderss.com\/es\/wp-json\/wp\/v2\/pages\/3755\/revisions\/5453"}],"wp:attachment":[{"href":"https:\/\/withoutborderss.com\/es\/wp-json\/wp\/v2\/media?parent=3755"}],"wp:term":[{"taxonomy":"category","embeddable":true,"href":"https:\/\/withoutborderss.com\/es\/wp-json\/wp\/v2\/categories?post=3755"}],"curies":[{"name":"wp","href":"https:\/\/api.w.org\/{rel}","templated":true}]}}