{"id":3769,"date":"2026-02-10T16:30:59","date_gmt":"2026-02-10T16:30:59","guid":{"rendered":"https:\/\/withoutborderss.com\/?page_id=3769"},"modified":"2026-04-27T16:25:29","modified_gmt":"2026-04-27T16:25:29","slug":"terms-and-conditions","status":"publish","type":"page","link":"https:\/\/withoutborderss.com\/es\/terms-and-conditions\/","title":{"rendered":"T\u00e9rminos y condiciones"},"content":{"rendered":"<div data-elementor-type=\"wp-page\" data-elementor-id=\"3769\" class=\"elementor elementor-3769\" data-elementor-post-type=\"page\">\n\t\t\t\t<div class=\"elementor-element elementor-element-a9427b1 e-flex e-con-boxed e-con e-parent\" data-id=\"a9427b1\" data-element_type=\"container\" data-e-type=\"container\">\n\t\t\t\t\t<div class=\"e-con-inner\">\n\t\t\t\t<div class=\"elementor-element elementor-element-a398b31 elementor-widget elementor-widget-text-editor\" data-id=\"a398b31\" data-element_type=\"widget\" data-e-type=\"widget\" data-widget_type=\"text-editor.default\">\n\t\t\t\t\t\t\t\t\t<h1 data-path-to-node=\"3\">T\u00e9rminos y condiciones<\/h1>\n<p data-path-to-node=\"4\"><b data-path-to-node=\"4\" data-index-in-node=\"0\">\u00daltima actualizaci\u00f3n:<\/b>&nbsp;10 de febrero de 2026<\/p>\n<p data-path-to-node=\"5\">Bienvenido a <b data-path-to-node=\"5\" data-index-in-node=\"11\">Sin Fronteras<\/b> (<a class=\"ng-star-inserted\" href=\"https:\/\/withoutborderss.com\/es\/\" target=\"_blank\" rel=\"noopener\" data-hveid=\"0\" data-ved=\"0CAAQ_4QMahgKEwjk88mQo8-SAxUAAAAAHQAAAAAQpQE\">https:\/\/withoutborderss.com\/<\/a>Al acceder y utilizar este sitio web, usted acepta cumplir con los siguientes t\u00e9rminos y condiciones. Si no est\u00e1 de acuerdo con alguna parte de estos t\u00e9rminos, le rogamos que no utilice nuestro sitio web.<\/p>\n<h3 data-path-to-node=\"6\">1. Derechos de propiedad intelectual<\/h3>\n<p data-path-to-node=\"7\">Salvo que se indique lo contrario, <b data-path-to-node=\"7\" data-index-in-node=\"25\">Sin Fronteras<\/b> es titular de los derechos de propiedad intelectual de todo el material de este sitio web, incluidos textos, fotograf\u00edas y logotipos. Puede ver e imprimir las p\u00e1ginas para su uso personal, pero no debe:<\/p>\n<ul data-path-to-node=\"8\">\n<li>\n<p data-path-to-node=\"8,0,0\">No se permite republicar material de WithoutBorders sin citar la fuente.<\/p>\n<\/li>\n<li>\n<p data-path-to-node=\"8,1,0\">Vender, alquilar o sublicenciar material del sitio web.<\/p>\n<\/li>\n<li>\n<p data-path-to-node=\"8,2,0\">Reproducir o duplicar el contenido con fines comerciales.<\/p>\n<\/li>\n<\/ul>\n<h3 data-path-to-node=\"9\">2. Contenido del usuario<\/h3>\n<p data-path-to-node=\"10\">En algunas secciones de este sitio web, los usuarios pueden publicar comentarios u opiniones. WithoutBorders no filtra ni edita los comentarios antes de su publicaci\u00f3n. Sin embargo, nos reservamos el derecho de supervisar y eliminar cualquier comentario que se considere inapropiado, ofensivo o que infrinja estos T\u00e9rminos y Condiciones.<\/p>\n<h3 data-path-to-node=\"11\">3. Descargo de responsabilidad sobre la informaci\u00f3n de viaje<\/h3>\n<p data-path-to-node=\"12\">La informaci\u00f3n proporcionada en Sin Fronteras es para <b data-path-to-node=\"12\" data-index-in-node=\"50\">Solo con fines informativos e inspiradores generales.<\/b>. Si bien nos esforzamos por brindar consejos de viaje precisos y actualizados:<\/p>\n<ul data-path-to-node=\"13\">\n<li>\n<p data-path-to-node=\"13,0,0\">No nos hacemos responsables de los cambios en los requisitos de visado, la seguridad en los viajes, los precios o las leyes locales.<\/p>\n<\/li>\n<li>\n<p data-path-to-node=\"13,1,0\">El uso que usted haga de esta informaci\u00f3n queda bajo su propia responsabilidad. Le recomendamos verificar los detalles con fuentes oficiales (embajadas, sitios web de reservas oficiales) antes de viajar.<\/p>\n<\/li>\n<\/ul>\n<h3 data-path-to-node=\"14\">4. Enlaces de afiliados y de terceros<\/h3>\n<p data-path-to-node=\"15\">Nuestro sitio web contiene enlaces a sitios web de terceros (como <b data-path-to-node=\"15\" data-index-in-node=\"60\">Travelpayouts, Booking.com y otros<\/b>No tenemos control sobre el contenido, las pol\u00edticas de privacidad ni las pr\u00e1cticas de sitios web de terceros, y no asumimos ninguna responsabilidad por ellos. El uso de estos enlaces se rige por los t\u00e9rminos y condiciones de dichos sitios web.<\/p>\n<h3 data-path-to-node=\"16\">5. Tienda y compras (WooCommerce)<\/h3>\n<p data-path-to-node=\"17\">Si compra productos a trav\u00e9s de nuestra tienda:<\/p>\n<ul data-path-to-node=\"18\">\n<li>\n<p data-path-to-node=\"18,0,0\">Todos los precios est\u00e1n sujetos a cambios sin previo aviso.<\/p>\n<\/li>\n<li>\n<p data-path-to-node=\"18,1,0\">Nos reservamos el derecho de rechazar o cancelar cualquier pedido.<\/p>\n<\/li>\n<li>\n<p data-path-to-node=\"18,2,0\">Sus datos relacionados con la compra ser\u00e1n tratados de acuerdo con nuestra pol\u00edtica de privacidad. <b data-path-to-node=\"18,2,0\" data-index-in-node=\"67\">pol\u00edtica de privacidad<\/b>.<\/p>\n<\/li>\n<\/ul>\n<h3 data-path-to-node=\"19\">6. Limitaci\u00f3n de responsabilidad<\/h3>\n<p data-path-to-node=\"20\">En ning\u00fan caso WithoutBorders, ni sus propietarios (Paola y Osvaldo), ser\u00e1n responsables de nada que surja de o est\u00e9 relacionado de alguna manera con el uso que usted haga de este sitio web, ya sea que dicha responsabilidad se derive de un contrato o no.<\/p>\n<h3 data-path-to-node=\"21\">7. Cambios en los T\u00e9rminos<\/h3>\n<p data-path-to-node=\"22\">WithoutBorders se reserva el derecho de modificar estos t\u00e9rminos en cualquier momento que lo considere oportuno. Al utilizar este sitio web, usted se compromete a revisar estos t\u00e9rminos peri\u00f3dicamente.<\/p>\n<h3 data-path-to-node=\"23\">8. Informaci\u00f3n de contacto<\/h3>\n<p data-path-to-node=\"24\">Si tiene alguna pregunta sobre estos T\u00e9rminos, p\u00f3ngase en contacto con nosotros en: team@withoutborderss.com<\/p>\t\t\t\t\t\t\t\t<\/div>\n\t\t\t\t\t<\/div>\n\t\t\t\t<\/div>\n\t\t\t\t<\/div>","protected":false},"excerpt":{"rendered":"<p>Terms and Conditions Last Updated:&nbsp;10 Feb 2026 Welcome to WithoutBorders (https:\/\/withoutborderss.com\/). By accessing and using this website, you agree to comply with and be bound by the following terms and conditions. If you disagree with any part of these terms, please do not use our website. 1. Intellectual Property Rights Unless otherwise stated, WithoutBorders owns [&hellip;]<\/p>\n","protected":false},"author":1,"featured_media":0,"parent":0,"menu_order":0,"comment_status":"closed","ping_status":"closed","template":"","meta":{"_angie_page":false,"footnotes":""},"categories":[],"class_list":["post-3769","page","type-page","status-publish","hentry"],"_links":{"self":[{"href":"https:\/\/withoutborderss.com\/es\/wp-json\/wp\/v2\/pages\/3769","targetHints":{"allow":["GET"]}}],"collection":[{"href":"https:\/\/withoutborderss.com\/es\/wp-json\/wp\/v2\/pages"}],"about":[{"href":"https:\/\/withoutborderss.com\/es\/wp-json\/wp\/v2\/types\/page"}],"author":[{"embeddable":true,"href":"https:\/\/withoutborderss.com\/es\/wp-json\/wp\/v2\/users\/1"}],"replies":[{"embeddable":true,"href":"https:\/\/withoutborderss.com\/es\/wp-json\/wp\/v2\/comments?post=3769"}],"version-history":[{"count":3,"href":"https:\/\/withoutborderss.com\/es\/wp-json\/wp\/v2\/pages\/3769\/revisions"}],"predecessor-version":[{"id":5456,"href":"https:\/\/withoutborderss.com\/es\/wp-json\/wp\/v2\/pages\/3769\/revisions\/5456"}],"wp:attachment":[{"href":"https:\/\/withoutborderss.com\/es\/wp-json\/wp\/v2\/media?parent=3769"}],"wp:term":[{"taxonomy":"category","embeddable":true,"href":"https:\/\/withoutborderss.com\/es\/wp-json\/wp\/v2\/categories?post=3769"}],"curies":[{"name":"wp","href":"https:\/\/api.w.org\/{rel}","templated":true}]}}