{"id":3786,"date":"2026-02-10T16:50:58","date_gmt":"2026-02-10T16:50:58","guid":{"rendered":"https:\/\/withoutborderss.com\/?page_id=3786"},"modified":"2026-02-10T17:12:44","modified_gmt":"2026-02-10T17:12:44","slug":"affiliate-disclosure","status":"publish","type":"page","link":"https:\/\/withoutborderss.com\/es\/affiliate-disclosure\/","title":{"rendered":"Divulgaci\u00f3n de afiliados"},"content":{"rendered":"<div data-elementor-type=\"wp-page\" data-elementor-id=\"3786\" class=\"elementor elementor-3786\" data-elementor-post-type=\"page\">\n\t\t\t\t<div class=\"elementor-element elementor-element-cb02138 e-flex e-con-boxed e-con e-parent\" data-id=\"cb02138\" data-element_type=\"container\" data-e-type=\"container\">\n\t\t\t\t\t<div class=\"e-con-inner\">\n\t\t\t\t<div class=\"elementor-element elementor-element-a9efd0e elementor-widget elementor-widget-text-editor\" data-id=\"a9efd0e\" data-element_type=\"widget\" data-e-type=\"widget\" data-widget_type=\"text-editor.default\">\n\t\t\t\t\t\t\t\t\t<h1 data-path-to-node=\"3\">Divulgaci\u00f3n de afiliados<\/h1><p data-path-to-node=\"4\"><b data-path-to-node=\"4\" data-index-in-node=\"0\">\u00daltima actualizaci\u00f3n:<\/b> 10 de febrero de 2026<\/p><p data-path-to-node=\"5\">En <b data-path-to-node=\"5\" data-index-in-node=\"3\">Sin Fronteras<\/b>, Creemos en la transparencia y la honestidad. En cumplimiento con las directrices de la Comisi\u00f3n Federal de Comercio (FTC) y los est\u00e1ndares internacionales de publicidad, queremos informarle sobre nuestra relaci\u00f3n con los proveedores de servicios y los programas de afiliados.<\/p><h3 data-path-to-node=\"6\">1. \u00bfQu\u00e9 es un enlace de afiliado?<\/h3><p data-path-to-node=\"7\">A lo largo de este sitio web (<a class=\"ng-star-inserted\" href=\"https:\/\/withoutborderss.com\/es\/\" target=\"_blank\" rel=\"noopener\" data-hveid=\"0\" data-ved=\"0CAAQ_4QMahcKEwiV1qiLr8-SAxUAAAAAHQAAAAAQIw\">https:\/\/withoutborderss.com\/<\/a>), encontrar\u00e1s enlaces a servicios de viaje, hoteles, vuelos y productos. Algunos de estos son &quot;enlaces de afiliados&quot;. Esto significa que si haces clic en el enlace y realizas una reserva o una compra, podemos ganar una peque\u00f1a comisi\u00f3n en <b data-path-to-node=\"7\" data-index-in-node=\"273\">Sin coste adicional para usted<\/b>.<\/p><h3 data-path-to-node=\"8\">2. Nuestras alianzas<\/h3><p data-path-to-node=\"9\">Somos socios orgullosos de <b data-path-to-node=\"9\" data-index-in-node=\"25\">Pagos de viaje<\/b> y su red de proveedores de viajes (como Booking.com, WayAway, GetYourGuide y otros). Tambi\u00e9n utilizamos <b data-path-to-node=\"9\" data-index-in-node=\"145\">WooCommerce<\/b> gestionar nuestra propia tienda.<\/p><p data-path-to-node=\"10\">Las comisiones que obtenemos a trav\u00e9s de estas colaboraciones nos ayudan a cubrir los costes de mantenimiento de este sitio web, lo que nos permite seguir ofreciendo gu\u00edas y consejos de viaje gratuitos y de alta calidad para nuestra comunidad.<\/p><h3 data-path-to-node=\"11\">3. Nuestro compromiso con usted<\/h3><p data-path-to-node=\"12\">Nuestra integridad editorial es nuestra prioridad. Solo recomendamos productos, alojamientos y servicios que:<\/p><ul data-path-to-node=\"13\"><li><p data-path-to-node=\"13,0,0\">Lo he usado personalmente y me ha gustado.<\/p><\/li><li><p data-path-to-node=\"13,1,0\">Lo hemos investigado a fondo y creemos que aportar\u00e1 valor a su viaje.<\/p><\/li><li><p data-path-to-node=\"13,2,0\">Confianza basada en nuestra experiencia como viajeros.<\/p><\/li><\/ul><p data-path-to-node=\"14\">El hecho de que podamos recibir una comisi\u00f3n no influye en nuestras rese\u00f1as ni en los consejos de viaje que ofrecemos. Siempre daremos nuestra opini\u00f3n sincera, estemos o no afiliados a una marca.<\/p><h3 data-path-to-node=\"15\">4. Su apoyo<\/h3><p data-path-to-node=\"16\">Al utilizar nuestros enlaces de afiliados para reservar su pr\u00f3ximo vuelo, hotel o equipo de viaje, usted est\u00e1 apoyando directamente <b data-path-to-node=\"16\" data-index-in-node=\"106\">Sin Fronteras<\/b> y nuestra trayectoria como n\u00f3madas digitales. Es una forma de ayudarnos a mantener el sitio web en funcionamiento sin que te cueste ni un c\u00e9ntimo extra.<\/p><p data-path-to-node=\"17\">Si tiene alguna pregunta sobre esta declaraci\u00f3n o sobre nuestras pr\u00e1cticas de afiliaci\u00f3n, no dude en ponerse en contacto con nosotros en: <b data-path-to-node=\"17\" data-index-in-node=\"120\">Correo electr\u00f3nico:<\/b> team@withoutborderss.com<\/p>\t\t\t\t\t\t\t\t<\/div>\n\t\t\t\t\t<\/div>\n\t\t\t\t<\/div>\n\t\t\t\t<\/div>","protected":false},"excerpt":{"rendered":"<p>Affiliate Disclosure Last Updated: 10 Feb 2026 At WithoutBorders, we believe in transparency and honesty. In compliance with the Federal Trade Commission (FTC) guidelines and international advertising standards, we want to inform you about our relationship with service providers and affiliate programs. 1. What is an Affiliate Link? Throughout this website (https:\/\/withoutborderss.com\/), you will find [&hellip;]<\/p>\n","protected":false},"author":1,"featured_media":0,"parent":0,"menu_order":0,"comment_status":"closed","ping_status":"closed","template":"","meta":{"_angie_page":false,"footnotes":""},"categories":[],"class_list":["post-3786","page","type-page","status-publish","hentry"],"_links":{"self":[{"href":"https:\/\/withoutborderss.com\/es\/wp-json\/wp\/v2\/pages\/3786","targetHints":{"allow":["GET"]}}],"collection":[{"href":"https:\/\/withoutborderss.com\/es\/wp-json\/wp\/v2\/pages"}],"about":[{"href":"https:\/\/withoutborderss.com\/es\/wp-json\/wp\/v2\/types\/page"}],"author":[{"embeddable":true,"href":"https:\/\/withoutborderss.com\/es\/wp-json\/wp\/v2\/users\/1"}],"replies":[{"embeddable":true,"href":"https:\/\/withoutborderss.com\/es\/wp-json\/wp\/v2\/comments?post=3786"}],"version-history":[{"count":0,"href":"https:\/\/withoutborderss.com\/es\/wp-json\/wp\/v2\/pages\/3786\/revisions"}],"wp:attachment":[{"href":"https:\/\/withoutborderss.com\/es\/wp-json\/wp\/v2\/media?parent=3786"}],"wp:term":[{"taxonomy":"category","embeddable":true,"href":"https:\/\/withoutborderss.com\/es\/wp-json\/wp\/v2\/categories?post=3786"}],"curies":[{"name":"wp","href":"https:\/\/api.w.org\/{rel}","templated":true}]}}